{"id":121,"date":"2018-02-23T11:19:32","date_gmt":"2018-02-23T10:19:32","guid":{"rendered":"http:\/\/www.tiveriaparis.com\/site\/?page_id=121"},"modified":"2024-05-04T15:48:54","modified_gmt":"2024-05-04T13:48:54","slug":"agence-de-voyage-incentive","status":"publish","type":"page","link":"https:\/\/www.invictus-event.com\/site\/agence-de-voyage-incentive\/","title":{"rendered":"Agence de voyage incentive"},"content":{"rendered":"<div class=\"wpb-content-wrapper\"><p>[vc_row full_width=\u00a0\u00bbstretch_row_content_no_spaces\u00a0\u00bb css_animation=\u00a0\u00bbfadeIn\u00a0\u00bb bg_type=\u00a0\u00bbbg_color\u00a0\u00bb bg_override=\u00a0\u00bbfull\u00a0\u00bb css=\u00a0\u00bb.vc_custom_1714247798945{margin-top: 0px !important;margin-right: 0px !important;margin-bottom: 0px !important;margin-left: 0px !important;border-top-width: 0px !important;border-right-width: 0px !important;border-bottom-width: 0px !important;border-left-width: 0px !important;padding-top: 0px !important;padding-right: 0px !important;padding-bottom: 0px !important;padding-left: 0px !important;}\u00a0\u00bb bg_color_value=\u00a0\u00bb#ffffff\u00a0\u00bb][vc_column css=\u00a0\u00bb.vc_custom_1714227125209{margin: 0px !important;padding: 0px !important;background-position: 0 0 !important;background-repeat: repeat !important;border: 0px initial !important;}\u00a0\u00bb][vc_single_image image=\u00a0\u00bb2660&Prime; img_size=\u00a0\u00bbfull\u00a0\u00bb alignment=\u00a0\u00bbcenter\u00a0\u00bb css=\u00a0\u00bb.vc_custom_1714653348943{margin-top: 0px !important;margin-right: 0px !important;margin-bottom: 0px !important;margin-left: 0px !important;border-top-width: 0px !important;border-right-width: 0px !important;border-bottom-width: 0px !important;border-left-width: 0px !important;padding-top: 0px !important;padding-right: 0px !important;padding-bottom: 0px !important;padding-left: 0px !important;}\u00a0\u00bb][\/vc_column][\/vc_row][vc_row full_width=\u00a0\u00bbstretch_row_content_no_spaces\u00a0\u00bb content_placement=\u00a0\u00bbmiddle\u00a0\u00bb css_animation=\u00a0\u00bbfadeIn\u00a0\u00bb bg_type=\u00a0\u00bbimage\u00a0\u00bb parallax_style=\u00a0\u00bbvcpb-default\u00a0\u00bb bg_image_new=\u00a0\u00bbid^1247|url^https:\/\/www.invictus-event.com\/site\/wp-content\/uploads\/2019\/02\/back-seminaire-gala.jpg|caption^null|alt^null|title^null|description^null\u00a0\u00bb css=\u00a0\u00bb.vc_custom_1714653640647{margin-top: 0px !important;margin-right: 0px !important;margin-bottom: 0px !important;margin-left: 0px !important;border-top-width: 0px !important;border-right-width: 0px !important;border-bottom-width: 0px !important;border-left-width: 0px !important;padding-top: 0px !important;padding-right: 0px !important;padding-bottom: 0px !important;padding-left: 0px !important;}\u00a0\u00bb][vc_column width=\u00a0\u00bb1\/6&Prime; css=\u00a0\u00bb.vc_custom_1714227293656{margin: 0px !important;padding: 0px !important;background-position: 0 0 !important;background-repeat: repeat !important;border: 0px initial !important;}\u00a0\u00bb][\/vc_column][vc_column width=\u00a0\u00bb2\/3&Prime; css=\u00a0\u00bb.vc_custom_1714227471757{margin-top: 0px !important;margin-right: 0px !important;margin-bottom: 0px !important;margin-left: 0px !important;padding-top: 30px !important;padding-right: 0px !important;padding-bottom: 30px !important;padding-left: 0px !important;}\u00a0\u00bb][vc_custom_heading text=\u00a0\u00bbOrganisation de Voyages Incentive\u00a0\u00bb font_container=\u00a0\u00bbtag:h2|font_size:30|text_align:center|color:%23ffffff\u00a0\u00bb use_theme_fonts=\u00a0\u00bbyes\u00a0\u00bb css_animation=\u00a0\u00bbfadeIn\u00a0\u00bb css=\u00a0\u00bb.vc_custom_1714652569561{margin-top: 0px !important;margin-right: 0px !important;margin-bottom: 0px !important;margin-left: 0px !important;padding-top: 0px !important;padding-right: 0px !important;padding-bottom: 0px !important;padding-left: 0px !important;background-position: 0 0 !important;background-repeat: repeat !important;}\u00a0\u00bb][\/vc_column][vc_column width=\u00a0\u00bb1\/6&Prime; css=\u00a0\u00bb.vc_custom_1714227303827{margin: 0px !important;padding: 0px !important;background-position: 0 0 !important;background-repeat: repeat !important;border: 0px initial !important;}\u00a0\u00bb][\/vc_column][\/vc_row][vc_row css_animation=\u00a0\u00bbfadeIn\u00a0\u00bb bg_type=\u00a0\u00bbbg_color\u00a0\u00bb bg_override=\u00a0\u00bbfull\u00a0\u00bb css=\u00a0\u00bb.vc_custom_1549300964776{margin-top: 0px !important;margin-right: 0px !important;margin-bottom: 0px !important;margin-left: 0px !important;border-top-width: 0px !important;border-right-width: 0px !important;border-bottom-width: 0px !important;border-left-width: 0px !important;padding-top: 0px !important;padding-right: 0px !important;padding-bottom: 0px !important;padding-left: 0px !important;}\u00a0\u00bb bg_color_value=\u00a0\u00bb#efefef\u00a0\u00bb][vc_column width=\u00a0\u00bb1\/6&Prime;][\/vc_column][vc_column css_animation=\u00a0\u00bbbottom-to-top\u00a0\u00bb width=\u00a0\u00bb2\/3&Prime;][vc_column_text css=\u00a0\u00bb\u00a0\u00bb]<\/p>\n<p style=\"text-align: justify;\"><strong>Nous disposons en plus d\u2019une branche sp\u00e9cialis\u00e9e dans la r\u00e9alisation de voyages incentive, voyage r\u00e9compense en France et \u00e0 l\u2019\u00e9tranger avec notre entit\u00e9 <i>Invictus Corporate Travel<\/i>. Nous proposons diff\u00e9rents s\u00e9jours dans de nombreuses destinations en Europe, en Asie, en Am\u00e9rique, en Afrique et au Moyen-Orient.<\/strong><\/p>\n<p>[\/vc_column_text][\/vc_column][vc_column width=\u00a0\u00bb1\/6&Prime; css=\u00a0\u00bb.vc_custom_1549271147106{margin: 0px !important;border-width: 0px !important;padding: 0px !important;}\u00a0\u00bb][\/vc_column][\/vc_row][vc_row gap=\u00a0\u00bb35&Prime; equal_height=\u00a0\u00bbyes\u00a0\u00bb content_placement=\u00a0\u00bbmiddle\u00a0\u00bb css_animation=\u00a0\u00bbfadeIn\u00a0\u00bb css=\u00a0\u00bb.vc_custom_1714653965918{margin-top: 0px !important;margin-right: 0px !important;margin-bottom: 0px !important;margin-left: 0px !important;border-top-width: 0px !important;border-right-width: 0px !important;border-bottom-width: 0px !important;border-left-width: 0px !important;padding-top: 0px !important;padding-right: 0px !important;padding-bottom: 0px !important;padding-left: 0px !important;}\u00a0\u00bb][vc_column css_animation=\u00a0\u00bbfadeIn\u00a0\u00bb width=\u00a0\u00bb1\/2&Prime;][vc_custom_heading text=\u00a0\u00bbInvictus Corporate Travel\u00a0\u00bb font_container=\u00a0\u00bbtag:h2|font_size:30|text_align:left|color:%23000000&Prime; use_theme_fonts=\u00a0\u00bbyes\u00a0\u00bb css_animation=\u00a0\u00bbnone\u00a0\u00bb css=\u00a0\u00bb.vc_custom_1714653939667{padding-bottom: 20px !important;}\u00a0\u00bb][vc_separator color=\u00a0\u00bbsandy_brown\u00a0\u00bb align=\u00a0\u00bbalign_left\u00a0\u00bb border_width=\u00a0\u00bb2&Prime; el_width=\u00a0\u00bb20&Prime; css=\u00a0\u00bb\u00a0\u00bb][vc_column_text]<\/p>\n<p style=\"text-align: justify;\">Le voyage n\u2019est plus seulement le symbole des vacances. L\u2019\u00e8re des \u00abloisirs\u00bb touchent aussi les PME et PMI. Dor\u00e9navant les entreprises utilisent le voyage et le d\u00e9paysement comme un outil marketing, pour stimuler et doper les ventes, pour motiver leur personnel.<\/p>\n<p style=\"text-align: justify;\">Notre agence de voyages incentive, <em>Invictus Corporate Travel<\/em>, organise vos \u00e9v\u00e9nements partout dans le monde. Faites un voyage d\u2019entreprise, un voyage r\u00e9compense, un voyage challenge, un s\u00e9minaire, une assembl\u00e9e g\u00e9n\u00e9rale, une convention, un congr\u00e8s, un voyage professionnel, un voyage incentive en Am\u00e9rique, en Afrique, en Asie, en Europe, au Moyen-Orient.<\/p>\n<p>[\/vc_column_text]<div class=\" ubtn-ctn-center \"><a class=\"ubtn-link ult-adjust-bottom-margin ubtn-center ubtn-normal \" href=\"https:\/\/invictus-travel.com\/site\/\" ><button type=\"button\" id=\"ubtn-2621\"  class=\"ubtn ult-adjust-bottom-margin ult-responsive ubtn-normal ubtn-no-hover-bg  none  ubtn-center   tooltip-6a05c0ce11dfc\"  data-hover=\"\" data-border-color=\"\" data-bg=\"#e85c00\" data-hover-bg=\"#002746\" data-border-hover=\"\" data-shadow-hover=\"\" data-shadow-click=\"none\" data-shadow=\"\" data-shd-shadow=\"\"  data-ultimate-target='#ubtn-2621'  data-responsive-json-new='{\"font-size\":\"desktop:16px;\",\"line-height\":\"\"}'  style=\"font-family:&#039;Open Sans Condensed&#039;;font-weight:700;border-radius:7px;border-width:0px;border-color:;border-style:solid;background: #e85c00;color: #ffffff;\"><span class=\"ubtn-hover\" style=\"background-color:#002746\"><\/span><span class=\"ubtn-data ubtn-text \" >D\u00e9couvrir<\/span><\/button><\/a><\/div>[\/vc_column][vc_column css_animation=\u00a0\u00bbnone\u00a0\u00bb width=\u00a0\u00bb1\/2&Prime;][vc_single_image image=\u00a0\u00bb1300&Prime; img_size=\u00a0\u00bbfull\u00a0\u00bb alignment=\u00a0\u00bbcenter\u00a0\u00bb style=\u00a0\u00bbvc_box_shadow_3d\u00a0\u00bb css_animation=\u00a0\u00bbnone\u00a0\u00bb][\/vc_column][\/vc_row][vc_row gap=\u00a0\u00bb35&Prime; equal_height=\u00a0\u00bbyes\u00a0\u00bb content_placement=\u00a0\u00bbmiddle\u00a0\u00bb css_animation=\u00a0\u00bbfadeIn\u00a0\u00bb css=\u00a0\u00bb.vc_custom_1714654058549{margin-top: 0px !important;margin-right: 0px !important;margin-bottom: 0px !important;margin-left: 0px !important;border-top-width: 0px !important;border-right-width: 0px !important;border-bottom-width: 0px !important;border-left-width: 0px !important;padding-top: 0px !important;padding-right: 0px !important;padding-bottom: 0px !important;padding-left: 0px !important;}\u00a0\u00bb][vc_column css_animation=\u00a0\u00bbnone\u00a0\u00bb width=\u00a0\u00bb1\/2&Prime;][vc_single_image image=\u00a0\u00bb1301&Prime; img_size=\u00a0\u00bbfull\u00a0\u00bb alignment=\u00a0\u00bbcenter\u00a0\u00bb style=\u00a0\u00bbvc_box_shadow_3d\u00a0\u00bb css_animation=\u00a0\u00bbnone\u00a0\u00bb][\/vc_column][vc_column css_animation=\u00a0\u00bbnone\u00a0\u00bb width=\u00a0\u00bb1\/2&Prime;][vc_custom_heading text=\u00a0\u00bbLe voyage outil marketing\u00a0\u00bb font_container=\u00a0\u00bbtag:h2|font_size:30|text_align:left|color:%23000000&Prime; use_theme_fonts=\u00a0\u00bbyes\u00a0\u00bb css_animation=\u00a0\u00bbnone\u00a0\u00bb css=\u00a0\u00bb.vc_custom_1714654065798{padding-bottom: 20px !important;}\u00a0\u00bb][vc_separator color=\u00a0\u00bbsandy_brown\u00a0\u00bb align=\u00a0\u00bbalign_left\u00a0\u00bb border_width=\u00a0\u00bb2&Prime; el_width=\u00a0\u00bb20&Prime; css=\u00a0\u00bb\u00a0\u00bb][vc_column_text css=\u00a0\u00bb\u00a0\u00bb]<\/p>\n<p style=\"text-align: justify;\">Le simple voyage de groupe agr\u00e9ment\u00e9 de visites classiques est termin\u00e9. L\u2019approche doit \u00eatre plus cr\u00e9ative, plus ambitieuse, plus f\u00e9d\u00e9ratrice et plus originale. Faire appel \u00e0 des professionnels de l\u2019\u00e9v\u00e8nementiel, de la communication, ou de l&rsquo;organisation de voyage, permet aux entreprises d&rsquo;assurer le succ\u00e8s de leur projet. Alors venez faire une chasse au tr\u00e9sor dans le vieux Dubrovnik, assister \u00e0 un match de la coupe du monde en Russie, une course en chien de tra\u00eeneau en Laponie, une visite de la Cit\u00e9 interdite, un survol du Grand Canyon&#8230;<\/p>\n<p>[\/vc_column_text]<div class=\" ubtn-ctn-center \"><a class=\"ubtn-link ult-adjust-bottom-margin ubtn-center ubtn-normal \" href=\"https:\/\/invictus-travel.com\/site\/nos-destination-agence-incentive-paris\/\" ><button type=\"button\" id=\"ubtn-4650\"  class=\"ubtn ult-adjust-bottom-margin ult-responsive ubtn-normal ubtn-no-hover-bg  none  ubtn-center   tooltip-6a05c0ce11ea7\"  data-hover=\"\" data-border-color=\"\" data-bg=\"#e85c00\" data-hover-bg=\"#002746\" data-border-hover=\"\" data-shadow-hover=\"\" data-shadow-click=\"none\" data-shadow=\"\" data-shd-shadow=\"\"  data-ultimate-target='#ubtn-4650'  data-responsive-json-new='{\"font-size\":\"desktop:16px;\",\"line-height\":\"\"}'  style=\"font-family:&#039;Open Sans Condensed&#039;;font-weight:700;border-radius:7px;border-width:0px;border-color:;border-style:solid;background: #e85c00;color: #ffffff;\"><span class=\"ubtn-hover\" style=\"background-color:#002746\"><\/span><span class=\"ubtn-data ubtn-text \" >D\u00e9couvrir<\/span><\/button><\/a><\/div>[\/vc_column][\/vc_row][vc_row gap=\u00a0\u00bb35&Prime; equal_height=\u00a0\u00bbyes\u00a0\u00bb content_placement=\u00a0\u00bbmiddle\u00a0\u00bb css_animation=\u00a0\u00bbfadeIn\u00a0\u00bb css=\u00a0\u00bb.vc_custom_1714655603501{margin-top: 0px !important;margin-right: 0px !important;margin-bottom: 0px !important;margin-left: 0px !important;border-top-width: 0px !important;border-right-width: 0px !important;border-bottom-width: 0px !important;border-left-width: 0px !important;padding-top: 0px !important;padding-right: 0px !important;padding-bottom: 0px !important;padding-left: 0px !important;}\u00a0\u00bb][vc_column css_animation=\u00a0\u00bbnone\u00a0\u00bb width=\u00a0\u00bb1\/2&Prime;][vc_custom_heading text=\u00a0\u00bbDe nombreuses destinations\u00a0\u00bb font_container=\u00a0\u00bbtag:h2|font_size:30|text_align:left|color:%23000000&Prime; use_theme_fonts=\u00a0\u00bbyes\u00a0\u00bb css_animation=\u00a0\u00bbnone\u00a0\u00bb css=\u00a0\u00bb.vc_custom_1714655034251{padding-bottom: 20px !important;}\u00a0\u00bb][vc_separator color=\u00a0\u00bbsandy_brown\u00a0\u00bb align=\u00a0\u00bbalign_left\u00a0\u00bb border_width=\u00a0\u00bb2&Prime; el_width=\u00a0\u00bb20&Prime; css=\u00a0\u00bb\u00a0\u00bb][vc_column_text css_animation=\u00a0\u00bbnone\u00a0\u00bb css=\u00a0\u00bb\u00a0\u00bb]<\/p>\n<p style=\"text-align: justify;\">Notre agence implique l\u2019obtention d\u2019une caution bancaire APS et d\u2019un num\u00e9ro d\u2019immatriculation, de responsabilit\u00e9 civile adapt\u00e9e, mais aussi de licences, de formations qui vous permet de d\u00e9duire vos frais annexes. Nous disposons de toutes les garanties n\u00e9cessaires pour votre tranquillit\u00e9. Nous encadrons les voyages de nos clients de A \u00e0 Z.<\/p>\n<p style=\"text-align: justify;\">Nous proposons les meilleurs tarifs possibles pour les s\u00e9jours dans de nombreuses destinations partout dans le monde, gr\u00e2ce \u00e0 notre exp\u00e9rience de plus de 10 ans dans l\u2019organisation de voyage. Notre leadership nous permet de n\u00e9gocier en direct avec les h\u00f4tels, les restaurants, les lieux de soir\u00e9e, les transferts et de ne confier \u00e0 nos partenaires locaux que la partie \u00ab animation ou artistique \u00bb des projets trait\u00e9s.<\/p>\n<p>[\/vc_column_text]<div class=\" ubtn-ctn-center \"><a class=\"ubtn-link ult-adjust-bottom-margin ubtn-center ubtn-normal \" href=\"https:\/\/invictus-travel.com\/site\/nos-references\/\" ><button type=\"button\" id=\"ubtn-8278\"  class=\"ubtn ult-adjust-bottom-margin ult-responsive ubtn-normal ubtn-no-hover-bg  none  ubtn-center   tooltip-6a05c0ce11ee2\"  data-hover=\"\" data-border-color=\"\" data-bg=\"#e85c00\" data-hover-bg=\"#002746\" data-border-hover=\"\" data-shadow-hover=\"\" data-shadow-click=\"none\" data-shadow=\"\" data-shd-shadow=\"\"  data-ultimate-target='#ubtn-8278'  data-responsive-json-new='{\"font-size\":\"desktop:16px;\",\"line-height\":\"\"}'  style=\"font-family:&#039;Open Sans Condensed&#039;;font-weight:700;border-radius:7px;border-width:0px;border-color:;border-style:solid;background: #e85c00;color: #ffffff;\"><span class=\"ubtn-hover\" style=\"background-color:#002746\"><\/span><span class=\"ubtn-data ubtn-text \" >D\u00e9couvrir<\/span><\/button><\/a><\/div>[\/vc_column][vc_column css_animation=\u00a0\u00bbnone\u00a0\u00bb width=\u00a0\u00bb1\/2&Prime;][vc_single_image image=\u00a0\u00bb2701&Prime; img_size=\u00a0\u00bbfull\u00a0\u00bb alignment=\u00a0\u00bbcenter\u00a0\u00bb style=\u00a0\u00bbvc_box_shadow_3d\u00a0\u00bb css_animation=\u00a0\u00bbnone\u00a0\u00bb css=\u00a0\u00bb\u00a0\u00bb][\/vc_column][\/vc_row][vc_row css_animation=\u00a0\u00bbfadeIn\u00a0\u00bb css=\u00a0\u00bb.vc_custom_1714655624410{padding-top: 10px !important;padding-right: 30px !important;padding-bottom: 10px !important;padding-left: 30px !important;border-color: #d1d1d1 !important;}\u00a0\u00bb][vc_column css=\u00a0\u00bb.vc_custom_1714655286309{border-top-width: 2px !important;border-right-width: 2px !important;border-bottom-width: 2px !important;border-left-width: 2px !important;padding-right: 30px !important;padding-left: 30px !important;border-left-style: solid !important;border-right-style: solid !important;border-top-style: solid !important;border-bottom-style: solid !important;border-color: #d1d1d1 !important;}\u00a0\u00bb][vc_custom_heading text=\u00a0\u00bbQuelques r\u00e9f\u00e9rences\u00a0\u00bb font_container=\u00a0\u00bbtag:h2|font_size:30|text_align:center|color:%23000000&Prime; use_theme_fonts=\u00a0\u00bbyes\u00a0\u00bb css_animation=\u00a0\u00bbnone\u00a0\u00bb css=\u00a0\u00bb.vc_custom_1549305766367{padding-bottom: 20px !important;}\u00a0\u00bb][vc_separator color=\u00a0\u00bbsandy_brown\u00a0\u00bb border_width=\u00a0\u00bb2&Prime; el_width=\u00a0\u00bb20&Prime; css=\u00a0\u00bb\u00a0\u00bb][vc_column_text]<\/p>\n<p style=\"text-align: justify;\">Eurofrais, Equad, Hertz, Eliance \u2013 Elior, Interfaceflor, European homes, S\u00e9same, Icare, Bel, Regifax, Invest Securities, Lasce, Vincent Guerin Sports, France T\u00e9l\u00e9com, Vinci, Citro\u00ebn, Caisse d\u2019Epargne, Caixa Geral de depositos, IMDS, M\u00e9tro Cash&amp;Carry, Pfiser, Ecolab, Ginger, \u00c9ditions Dunod, Quick, Loxam, Assystem, Soho, Accenture, L\u2019Or\u00e9al Recherche, Ecolab, ERA, Dunod, GMF APJ, Loxam, Alstom Power Service, Famadem, La Poste, Laboratoire Servier, Ardix Medical Steria, Castille, Parkeon, GCI Group Grey, European Homes, Le Nouvel Observateur, L\u2019Express\u2026<\/p>\n<p>[\/vc_column_text][\/vc_column][\/vc_row]<\/p>\n<\/div>","protected":false},"excerpt":{"rendered":"<p>[vc_row full_width=\u00a0\u00bbstretch_row_content_no_spaces\u00a0\u00bb css_animation=\u00a0\u00bbfadeIn\u00a0\u00bb bg_type=\u00a0\u00bbbg_color\u00a0\u00bb bg_override=\u00a0\u00bbfull\u00a0\u00bb css=\u00a0\u00bb.vc_custom_1714247798945{margin-top: 0px !important;margin-right: 0px !important;margin-bottom: 0px !important;margin-left: 0px !important;border-top-width: 0px !important;border-right-width: 0px !important;border-bottom-width: 0px !important;border-left-width: 0px !important;padding-top: 0px !important;padding-right: 0px !important;padding-bottom: 0px !important;padding-left: 0px !important;}\u00a0\u00bb bg_color_value=\u00a0\u00bb#ffffff\u00a0\u00bb][vc_column css=\u00a0\u00bb.vc_custom_1714227125209{margin: 0px !important;padding: 0px !important;background-position: 0 0 !important;background-repeat: repeat !important;border: 0px initial !important;}\u00a0\u00bb][vc_single_image image=\u00a0\u00bb2660&Prime; img_size=\u00a0\u00bbfull\u00a0\u00bb alignment=\u00a0\u00bbcenter\u00a0\u00bb css=\u00a0\u00bb.vc_custom_1714653348943{margin-top: 0px !important;margin-right: 0px !important;margin-bottom: 0px !important;margin-left: 0px&hellip;<\/p>\n","protected":false},"author":1,"featured_media":0,"parent":0,"menu_order":0,"comment_status":"closed","ping_status":"closed","template":"","meta":{"footnotes":""},"class_list":["post-121","page","type-page","status-publish","hentry","description-off"],"yoast_head":"<!-- This site is optimized with the Yoast SEO plugin v27.6 - https:\/\/yoast.com\/product\/yoast-seo-wordpress\/ -->\n<title>Agence de voyages incentive \u00e0 Paris - organisation de s\u00e9jour r\u00e9compense<\/title>\n<meta name=\"description\" content=\"Notre Agence de voyages incentive situ\u00e9e \u00e0 Paris - organisation de s\u00e9jour r\u00e9compense. Nous proposons diff\u00e9rents s\u00e9jours dans de nombreuses destinations en Europe, en Asie, en Am\u00e9rique, en Afrique et au Moyen-Orient.\" \/>\n<meta name=\"robots\" content=\"index, follow, max-snippet:-1, max-image-preview:large, max-video-preview:-1\" \/>\n<link rel=\"canonical\" href=\"https:\/\/www.invictus-event.com\/site\/agence-de-voyage-incentive\/\" \/>\n<meta property=\"og:locale\" content=\"fr_FR\" \/>\n<meta property=\"og:type\" content=\"article\" \/>\n<meta property=\"og:title\" content=\"Agence de voyages incentive \u00e0 Paris - organisation de s\u00e9jour r\u00e9compense\" \/>\n<meta property=\"og:description\" content=\"Notre Agence de voyages incentive situ\u00e9e \u00e0 Paris - organisation de s\u00e9jour r\u00e9compense. Nous proposons diff\u00e9rents s\u00e9jours dans de nombreuses destinations en Europe, en Asie, en Am\u00e9rique, en Afrique et au Moyen-Orient.\" \/>\n<meta property=\"og:url\" content=\"https:\/\/www.invictus-event.com\/site\/agence-de-voyage-incentive\/\" \/>\n<meta property=\"og:site_name\" content=\"Invictus Corporate Events - Agence \u00e9v\u00e9nementielle \u00e0 Paris\" \/>\n<meta property=\"article:modified_time\" content=\"2024-05-04T13:48:54+00:00\" \/>\n<meta name=\"twitter:card\" content=\"summary_large_image\" \/>\n<meta name=\"twitter:label1\" content=\"Dur\u00e9e de lecture estim\u00e9e\" \/>\n\t<meta name=\"twitter:data1\" content=\"5 minutes\" \/>\n<script type=\"application\/ld+json\" class=\"yoast-schema-graph\">{\"@context\":\"https:\\\/\\\/schema.org\",\"@graph\":[{\"@type\":\"WebPage\",\"@id\":\"https:\\\/\\\/www.invictus-event.com\\\/site\\\/agence-de-voyage-incentive\\\/\",\"url\":\"https:\\\/\\\/www.invictus-event.com\\\/site\\\/agence-de-voyage-incentive\\\/\",\"name\":\"Agence de voyages incentive \u00e0 Paris - organisation de s\u00e9jour r\u00e9compense\",\"isPartOf\":{\"@id\":\"https:\\\/\\\/www.invictus-event.com\\\/site\\\/#website\"},\"datePublished\":\"2018-02-23T10:19:32+00:00\",\"dateModified\":\"2024-05-04T13:48:54+00:00\",\"description\":\"Notre Agence de voyages incentive situ\u00e9e \u00e0 Paris - organisation de s\u00e9jour r\u00e9compense. Nous proposons diff\u00e9rents s\u00e9jours dans de nombreuses destinations en Europe, en Asie, en Am\u00e9rique, en Afrique et au Moyen-Orient.\",\"breadcrumb\":{\"@id\":\"https:\\\/\\\/www.invictus-event.com\\\/site\\\/agence-de-voyage-incentive\\\/#breadcrumb\"},\"inLanguage\":\"fr-FR\",\"potentialAction\":[{\"@type\":\"ReadAction\",\"target\":[\"https:\\\/\\\/www.invictus-event.com\\\/site\\\/agence-de-voyage-incentive\\\/\"]}]},{\"@type\":\"BreadcrumbList\",\"@id\":\"https:\\\/\\\/www.invictus-event.com\\\/site\\\/agence-de-voyage-incentive\\\/#breadcrumb\",\"itemListElement\":[{\"@type\":\"ListItem\",\"position\":1,\"name\":\"Accueil\",\"item\":\"https:\\\/\\\/www.invictus-event.com\\\/site\\\/\"},{\"@type\":\"ListItem\",\"position\":2,\"name\":\"Agence de voyage incentive\"}]},{\"@type\":\"WebSite\",\"@id\":\"https:\\\/\\\/www.invictus-event.com\\\/site\\\/#website\",\"url\":\"https:\\\/\\\/www.invictus-event.com\\\/site\\\/\",\"name\":\"Invictus Corporate Events - Agence \u00e9v\u00e9nementielle \u00e0 Paris\",\"description\":\"Organisation d&#039;\u00e9v\u00e9nements\",\"potentialAction\":[{\"@type\":\"SearchAction\",\"target\":{\"@type\":\"EntryPoint\",\"urlTemplate\":\"https:\\\/\\\/www.invictus-event.com\\\/site\\\/?s={search_term_string}\"},\"query-input\":{\"@type\":\"PropertyValueSpecification\",\"valueRequired\":true,\"valueName\":\"search_term_string\"}}],\"inLanguage\":\"fr-FR\"}]}<\/script>\n<!-- \/ Yoast SEO plugin. -->","yoast_head_json":{"title":"Agence de voyages incentive \u00e0 Paris - organisation de s\u00e9jour r\u00e9compense","description":"Notre Agence de voyages incentive situ\u00e9e \u00e0 Paris - organisation de s\u00e9jour r\u00e9compense. Nous proposons diff\u00e9rents s\u00e9jours dans de nombreuses destinations en Europe, en Asie, en Am\u00e9rique, en Afrique et au Moyen-Orient.","robots":{"index":"index","follow":"follow","max-snippet":"max-snippet:-1","max-image-preview":"max-image-preview:large","max-video-preview":"max-video-preview:-1"},"canonical":"https:\/\/www.invictus-event.com\/site\/agence-de-voyage-incentive\/","og_locale":"fr_FR","og_type":"article","og_title":"Agence de voyages incentive \u00e0 Paris - organisation de s\u00e9jour r\u00e9compense","og_description":"Notre Agence de voyages incentive situ\u00e9e \u00e0 Paris - organisation de s\u00e9jour r\u00e9compense. Nous proposons diff\u00e9rents s\u00e9jours dans de nombreuses destinations en Europe, en Asie, en Am\u00e9rique, en Afrique et au Moyen-Orient.","og_url":"https:\/\/www.invictus-event.com\/site\/agence-de-voyage-incentive\/","og_site_name":"Invictus Corporate Events - Agence \u00e9v\u00e9nementielle \u00e0 Paris","article_modified_time":"2024-05-04T13:48:54+00:00","twitter_card":"summary_large_image","twitter_misc":{"Dur\u00e9e de lecture estim\u00e9e":"5 minutes"},"schema":{"@context":"https:\/\/schema.org","@graph":[{"@type":"WebPage","@id":"https:\/\/www.invictus-event.com\/site\/agence-de-voyage-incentive\/","url":"https:\/\/www.invictus-event.com\/site\/agence-de-voyage-incentive\/","name":"Agence de voyages incentive \u00e0 Paris - organisation de s\u00e9jour r\u00e9compense","isPartOf":{"@id":"https:\/\/www.invictus-event.com\/site\/#website"},"datePublished":"2018-02-23T10:19:32+00:00","dateModified":"2024-05-04T13:48:54+00:00","description":"Notre Agence de voyages incentive situ\u00e9e \u00e0 Paris - organisation de s\u00e9jour r\u00e9compense. Nous proposons diff\u00e9rents s\u00e9jours dans de nombreuses destinations en Europe, en Asie, en Am\u00e9rique, en Afrique et au Moyen-Orient.","breadcrumb":{"@id":"https:\/\/www.invictus-event.com\/site\/agence-de-voyage-incentive\/#breadcrumb"},"inLanguage":"fr-FR","potentialAction":[{"@type":"ReadAction","target":["https:\/\/www.invictus-event.com\/site\/agence-de-voyage-incentive\/"]}]},{"@type":"BreadcrumbList","@id":"https:\/\/www.invictus-event.com\/site\/agence-de-voyage-incentive\/#breadcrumb","itemListElement":[{"@type":"ListItem","position":1,"name":"Accueil","item":"https:\/\/www.invictus-event.com\/site\/"},{"@type":"ListItem","position":2,"name":"Agence de voyage incentive"}]},{"@type":"WebSite","@id":"https:\/\/www.invictus-event.com\/site\/#website","url":"https:\/\/www.invictus-event.com\/site\/","name":"Invictus Corporate Events - Agence \u00e9v\u00e9nementielle \u00e0 Paris","description":"Organisation d&#039;\u00e9v\u00e9nements","potentialAction":[{"@type":"SearchAction","target":{"@type":"EntryPoint","urlTemplate":"https:\/\/www.invictus-event.com\/site\/?s={search_term_string}"},"query-input":{"@type":"PropertyValueSpecification","valueRequired":true,"valueName":"search_term_string"}}],"inLanguage":"fr-FR"}]}},"_links":{"self":[{"href":"https:\/\/www.invictus-event.com\/site\/wp-json\/wp\/v2\/pages\/121","targetHints":{"allow":["GET"]}}],"collection":[{"href":"https:\/\/www.invictus-event.com\/site\/wp-json\/wp\/v2\/pages"}],"about":[{"href":"https:\/\/www.invictus-event.com\/site\/wp-json\/wp\/v2\/types\/page"}],"author":[{"embeddable":true,"href":"https:\/\/www.invictus-event.com\/site\/wp-json\/wp\/v2\/users\/1"}],"replies":[{"embeddable":true,"href":"https:\/\/www.invictus-event.com\/site\/wp-json\/wp\/v2\/comments?post=121"}],"version-history":[{"count":34,"href":"https:\/\/www.invictus-event.com\/site\/wp-json\/wp\/v2\/pages\/121\/revisions"}],"predecessor-version":[{"id":2849,"href":"https:\/\/www.invictus-event.com\/site\/wp-json\/wp\/v2\/pages\/121\/revisions\/2849"}],"wp:attachment":[{"href":"https:\/\/www.invictus-event.com\/site\/wp-json\/wp\/v2\/media?parent=121"}],"curies":[{"name":"wp","href":"https:\/\/api.w.org\/{rel}","templated":true}]}}