{"id":641,"date":"2018-03-19T13:11:28","date_gmt":"2018-03-19T12:11:28","guid":{"rendered":"https:\/\/www.tiveriaparis.com\/site\/?page_id=641"},"modified":"2025-09-17T10:26:57","modified_gmt":"2025-09-17T08:26:57","slug":"contact-agence-evenementiel-paris","status":"publish","type":"page","link":"https:\/\/www.invictus-event.com\/site\/contact-agence-evenementiel-paris\/","title":{"rendered":"Contact"},"content":{"rendered":"<div class=\"wpb-content-wrapper\"><p>[vc_row full_width=\u00a0\u00bbstretch_row_content_no_spaces\u00a0\u00bb content_placement=\u00a0\u00bbmiddle\u00a0\u00bb css_animation=\u00a0\u00bbfadeIn\u00a0\u00bb css=\u00a0\u00bb.vc_custom_1714566672839{margin-top: 0px !important;margin-bottom: 0px !important;border-top-width: 0px !important;border-bottom-width: 0px !important;padding-top: 0px !important;padding-right: 0px !important;padding-bottom: 0px !important;padding-left: 0px !important;}\u00a0\u00bb][vc_column video_bg=\u00a0\u00bbyes\u00a0\u00bb video_bg_url=\u00a0\u00bbhttps:\/\/www.youtube.com\/watch?v=8Mai5C8QQAU\u00a0\u00bb css=\u00a0\u00bb.vc_custom_1714566646269{margin-top: 0px !important;margin-bottom: 0px !important;border-top-width: 0px !important;border-bottom-width: 0px !important;padding-top: 0px !important;padding-right: 0px !important;padding-bottom: 0px !important;padding-left: 0px !important;}\u00a0\u00bb][vc_empty_space height=\u00a0\u00bb150&Prime;][vc_custom_heading text=\u00a0\u00bbINVICTUS CORPORATE EVENTS\u00a0\u00bb font_container=\u00a0\u00bbtag:h2|font_size:55|text_align:center|color:%23ffffff\u00a0\u00bb google_fonts=\u00a0\u00bbfont_family:Open%20Sans%3A300%2C300italic%2Cregular%2Citalic%2C600%2C600italic%2C700%2C700italic%2C800%2C800italic|font_style:800%20bold%20regular%3A800%3Anormal\u00a0\u00bb css_animation=\u00a0\u00bbnone\u00a0\u00bb css=\u00a0\u00bb.vc_custom_1714566727844{padding-top: 10px !important;padding-bottom: 10px !important;}\u00a0\u00bb][vc_custom_heading text=\u00a0\u00bbArchitecte de vos \u00e9v\u00e9nements\u00a0\u00bb font_container=\u00a0\u00bbtag:h3|font_size:60|text_align:center|color:%23ffffff|line_height:1&Prime; use_theme_fonts=\u00a0\u00bbyes\u00a0\u00bb css_animation=\u00a0\u00bbnone\u00a0\u00bb css=\u00a0\u00bb\u00a0\u00bb][vc_empty_space height=\u00a0\u00bb150&Prime;][\/vc_column][\/vc_row][vc_row bg_type=\u00a0\u00bbbg_color\u00a0\u00bb bg_override=\u00a0\u00bbfull\u00a0\u00bb css=\u00a0\u00bb.vc_custom_1714567786460{padding-top: 0px !important;padding-right: 0px !important;padding-bottom: 0px !important;padding-left: 0px !important;}\u00a0\u00bb bg_color_value=\u00a0\u00bb#efefef\u00a0\u00bb][vc_column width=\u00a0\u00bb1\/6&Prime; css=\u00a0\u00bb.vc_custom_1548868724210{padding-top: 0px !important;padding-right: 0px !important;padding-bottom: 0px !important;padding-left: 0px !important;}\u00a0\u00bb][\/vc_column][vc_column css_animation=\u00a0\u00bbbottom-to-top\u00a0\u00bb width=\u00a0\u00bb2\/3&Prime;][vc_column_text css=\u00a0\u00bb\u00a0\u00bb]<\/p>\n<p style=\"text-align: justify;\"><strong>Notre exp\u00e9rience et notre niveau de qualification apportent \u00e0 nos clients des comp\u00e9tences fiables et reconnues. Nous nous investissons \u00e0 100 % dans le traitement de chaque projets jusqu\u2019\u00e0 la r\u00e9alisation finale. Tous nos chefs de projets sont au moins bilingues pour traiter avec les partenaires internationaux. Notre r\u00e9activit\u00e9 est l\u2019une de nos forces. Nous pouvons r\u00e9pondre \u00e0 vos demandes en 48h, avec des propositions personnalis\u00e9es et d\u00e9taill\u00e9es. Nous restons joignables 7 jours\/7.<\/strong><\/p>\n<p>[\/vc_column_text][\/vc_column][vc_column width=\u00a0\u00bb1\/6&Prime;][\/vc_column][\/vc_row][vc_row equal_height=\u00a0\u00bbyes\u00a0\u00bb bg_type=\u00a0\u00bbimage\u00a0\u00bb css=\u00a0\u00bb.vc_custom_1548699415462{margin-top: 0px !important;margin-right: 0px !important;margin-bottom: 0px !important;margin-left: 0px !important;border-top-width: 0px !important;border-right-width: 0px !important;border-bottom-width: 0px !important;border-left-width: 0px !important;padding-top: 0px !important;padding-right: 0px !important;padding-bottom: 0px !important;padding-left: 0px !important;}\u00a0\u00bb][vc_column css=\u00a0\u00bb.vc_custom_1548699256221{padding-top: 0px !important;padding-right: 0px !important;padding-bottom: 0px !important;padding-left: 0px !important;}\u00a0\u00bb][vc_empty_space][\/vc_column][\/vc_row][vc_row css_animation=\u00a0\u00bbfadeIn\u00a0\u00bb][vc_column css_animation=\u00a0\u00bbnone\u00a0\u00bb width=\u00a0\u00bb1\/2&Prime;][vc_single_image image=\u00a0\u00bb3145&Prime; img_size=\u00a0\u00bbfull\u00a0\u00bb css=\u00a0\u00bb\u00a0\u00bb][vc_column_text]<strong>AUDE WAMPFLER<br \/>\nDirectrice Adjointe<\/strong><br \/>\nT\u00e9l : +33 (0)6.37.77.39.60<br \/>\n<a href=\"mailto:awampfler@invictus-corporate.com\" rel=\"noopener\">awampfler@invictus-corporate.com<\/a>[\/vc_column_text][\/vc_column][vc_column css_animation=\u00a0\u00bbnone\u00a0\u00bb width=\u00a0\u00bb1\/2&Prime;][vc_single_image image=\u00a0\u00bb2308&Prime; img_size=\u00a0\u00bbfull\u00a0\u00bb style=\u00a0\u00bbvc_box_rounded\u00a0\u00bb css=\u00a0\u00bb\u00a0\u00bb][vc_column_text]<strong>Manon GABARD<\/strong><br \/>\n<strong>Chef de projet Senior Freelance<\/strong><br \/>\nT\u00e9l : + 33 (0)6 74 16 52 73<br \/>\n<a href=\"mailto:gabardmanon@gmail.com\">gabardmanon@gmail.com<\/a>[\/vc_column_text][\/vc_column][\/vc_row][vc_row css_animation=\u00a0\u00bbfadeIn\u00a0\u00bb][vc_column css_animation=\u00a0\u00bbnone\u00a0\u00bb width=\u00a0\u00bb1\/2&Prime;][vc_single_image image=\u00a0\u00bb3146&Prime; img_size=\u00a0\u00bbfull\u00a0\u00bb css=\u00a0\u00bb\u00a0\u00bb][vc_column_text css=\u00a0\u00bb\u00a0\u00bb]<strong>Lola Millet<\/strong><br \/>\n<strong>Assistante chef de projet<\/strong><br \/>\nT\u00e9l : +33 (0)6.45.27.64.23<br \/>\n<a href=\"mailto:lmillet@invictus-corporate.com\">lmillet@invictus-corporate.com<\/a>[\/vc_column_text][\/vc_column][vc_column css_animation=\u00a0\u00bbnone\u00a0\u00bb width=\u00a0\u00bb1\/2&Prime;][vc_single_image image=\u00a0\u00bb1030&Prime; img_size=\u00a0\u00bbfull\u00a0\u00bb][vc_column_text]<\/p>\n<p style=\"text-align: left;\"><strong>NOELLE FERRON<\/strong><br \/>\n<strong> Responsable du D\u00e9veloppement<\/strong><br \/>\nT\u00e9l : +33 (0)6.49.12.21.01<br \/>\n<a href=\"mailto:nferron@invictus-corporate.com\" rel=\"noopener\">nferron@invictus-corporate.com<\/a><\/p>\n<p>[\/vc_column_text][\/vc_column][\/vc_row][vc_row css_animation=\u00a0\u00bbfadeIn\u00a0\u00bb][vc_column css_animation=\u00a0\u00bbnone\u00a0\u00bb width=\u00a0\u00bb1\/4&Prime;][\/vc_column][vc_column css_animation=\u00a0\u00bbnone\u00a0\u00bb width=\u00a0\u00bb1\/2&Prime;][vc_single_image image=\u00a0\u00bb3062&Prime; img_size=\u00a0\u00bbfull\u00a0\u00bb css=\u00a0\u00bb\u00a0\u00bb][vc_column_text]<\/p>\n<p style=\"text-align: left;\"><strong>THIERRY HERAUT<\/strong><br \/>\n<strong> Directeur G\u00e9n\u00e9ral<\/strong><br \/>\nT\u00e9l : +33 (0)6.03.24.82.10<br \/>\n<a href=\"mailto:theraut@invictus-corporate.com\">theraut@invictus-corporate.com<\/a><\/p>\n<p>[\/vc_column_text][\/vc_column][vc_column width=\u00a0\u00bb1\/4&Prime;][\/vc_column][\/vc_row]<\/p>\n<\/div>","protected":false},"excerpt":{"rendered":"<p>[vc_row full_width=\u00a0\u00bbstretch_row_content_no_spaces\u00a0\u00bb content_placement=\u00a0\u00bbmiddle\u00a0\u00bb css_animation=\u00a0\u00bbfadeIn\u00a0\u00bb css=\u00a0\u00bb.vc_custom_1714566672839{margin-top: 0px !important;margin-bottom: 0px !important;border-top-width: 0px !important;border-bottom-width: 0px !important;padding-top: 0px !important;padding-right: 0px !important;padding-bottom: 0px !important;padding-left: 0px !important;}\u00a0\u00bb][vc_column video_bg=\u00a0\u00bbyes\u00a0\u00bb video_bg_url=\u00a0\u00bbhttps:\/\/www.youtube.com\/watch?v=8Mai5C8QQAU\u00a0\u00bb css=\u00a0\u00bb.vc_custom_1714566646269{margin-top: 0px !important;margin-bottom: 0px !important;border-top-width: 0px !important;border-bottom-width: 0px !important;padding-top: 0px !important;padding-right: 0px !important;padding-bottom: 0px !important;padding-left: 0px !important;}\u00a0\u00bb][vc_empty_space height=\u00a0\u00bb150&Prime;][vc_custom_heading text=\u00a0\u00bbINVICTUS CORPORATE EVENTS\u00a0\u00bb font_container=\u00a0\u00bbtag:h2|font_size:55|text_align:center|color:%23ffffff\u00a0\u00bb google_fonts=\u00a0\u00bbfont_family:Open%20Sans%3A300%2C300italic%2Cregular%2Citalic%2C600%2C600italic%2C700%2C700italic%2C800%2C800italic|font_style:800%20bold%20regular%3A800%3Anormal\u00a0\u00bb css_animation=\u00a0\u00bbnone\u00a0\u00bb css=\u00a0\u00bb.vc_custom_1714566727844{padding-top: 10px !important;padding-bottom: 10px !important;}\u00a0\u00bb][vc_custom_heading text=\u00a0\u00bbArchitecte de vos&hellip;<\/p>\n","protected":false},"author":1,"featured_media":0,"parent":0,"menu_order":0,"comment_status":"closed","ping_status":"closed","template":"","meta":{"footnotes":""},"class_list":["post-641","page","type-page","status-publish","hentry","description-off"],"yoast_head":"<!-- This site is optimized with the Yoast SEO plugin v27.4 - https:\/\/yoast.com\/product\/yoast-seo-wordpress\/ -->\n<title>Agence \u00e9v\u00e8nementiel Invictus Corporate Events Paris<\/title>\n<meta name=\"description\" content=\"Notre exp\u00e9rience et notre niveau de qualification apportent \u00e0 nos clients des comp\u00e9tences fiables et reconnues. Nous nous investissons \u00e0 100 % dans le traitement de chaque projets jusqu\u2019\u00e0 la r\u00e9alisation finale. Tous nos chefs de projets sont au moins bilingues pour traiter avec les partenaires internationaux.\" \/>\n<meta name=\"robots\" content=\"index, follow, max-snippet:-1, max-image-preview:large, max-video-preview:-1\" \/>\n<link rel=\"canonical\" href=\"https:\/\/www.invictus-event.com\/site\/contact-agence-evenementiel-paris\/\" \/>\n<meta property=\"og:locale\" content=\"fr_FR\" \/>\n<meta property=\"og:type\" content=\"article\" \/>\n<meta property=\"og:title\" content=\"Agence \u00e9v\u00e8nementiel Invictus Corporate Events Paris\" \/>\n<meta property=\"og:description\" content=\"Notre exp\u00e9rience et notre niveau de qualification apportent \u00e0 nos clients des comp\u00e9tences fiables et reconnues. Nous nous investissons \u00e0 100 % dans le traitement de chaque projets jusqu\u2019\u00e0 la r\u00e9alisation finale. Tous nos chefs de projets sont au moins bilingues pour traiter avec les partenaires internationaux.\" \/>\n<meta property=\"og:url\" content=\"https:\/\/www.invictus-event.com\/site\/contact-agence-evenementiel-paris\/\" \/>\n<meta property=\"og:site_name\" content=\"Invictus Corporate Events - Agence \u00e9v\u00e9nementielle \u00e0 Paris\" \/>\n<meta property=\"article:modified_time\" content=\"2025-09-17T08:26:57+00:00\" \/>\n<meta name=\"twitter:card\" content=\"summary_large_image\" \/>\n<meta name=\"twitter:label1\" content=\"Dur\u00e9e de lecture estim\u00e9e\" \/>\n\t<meta name=\"twitter:data1\" content=\"3 minutes\" \/>\n<script type=\"application\/ld+json\" class=\"yoast-schema-graph\">{\"@context\":\"https:\\\/\\\/schema.org\",\"@graph\":[{\"@type\":\"WebPage\",\"@id\":\"https:\\\/\\\/www.invictus-event.com\\\/site\\\/contact-agence-evenementiel-paris\\\/\",\"url\":\"https:\\\/\\\/www.invictus-event.com\\\/site\\\/contact-agence-evenementiel-paris\\\/\",\"name\":\"Agence \u00e9v\u00e8nementiel Invictus Corporate Events Paris\",\"isPartOf\":{\"@id\":\"https:\\\/\\\/www.invictus-event.com\\\/site\\\/#website\"},\"datePublished\":\"2018-03-19T12:11:28+00:00\",\"dateModified\":\"2025-09-17T08:26:57+00:00\",\"description\":\"Notre exp\u00e9rience et notre niveau de qualification apportent \u00e0 nos clients des comp\u00e9tences fiables et reconnues. Nous nous investissons \u00e0 100 % dans le traitement de chaque projets jusqu\u2019\u00e0 la r\u00e9alisation finale. Tous nos chefs de projets sont au moins bilingues pour traiter avec les partenaires internationaux.\",\"breadcrumb\":{\"@id\":\"https:\\\/\\\/www.invictus-event.com\\\/site\\\/contact-agence-evenementiel-paris\\\/#breadcrumb\"},\"inLanguage\":\"fr-FR\",\"potentialAction\":[{\"@type\":\"ReadAction\",\"target\":[\"https:\\\/\\\/www.invictus-event.com\\\/site\\\/contact-agence-evenementiel-paris\\\/\"]}]},{\"@type\":\"BreadcrumbList\",\"@id\":\"https:\\\/\\\/www.invictus-event.com\\\/site\\\/contact-agence-evenementiel-paris\\\/#breadcrumb\",\"itemListElement\":[{\"@type\":\"ListItem\",\"position\":1,\"name\":\"Accueil\",\"item\":\"https:\\\/\\\/www.invictus-event.com\\\/site\\\/\"},{\"@type\":\"ListItem\",\"position\":2,\"name\":\"Contact\"}]},{\"@type\":\"WebSite\",\"@id\":\"https:\\\/\\\/www.invictus-event.com\\\/site\\\/#website\",\"url\":\"https:\\\/\\\/www.invictus-event.com\\\/site\\\/\",\"name\":\"Invictus Corporate Events - Agence \u00e9v\u00e9nementielle \u00e0 Paris\",\"description\":\"Organisation d&#039;\u00e9v\u00e9nements\",\"potentialAction\":[{\"@type\":\"SearchAction\",\"target\":{\"@type\":\"EntryPoint\",\"urlTemplate\":\"https:\\\/\\\/www.invictus-event.com\\\/site\\\/?s={search_term_string}\"},\"query-input\":{\"@type\":\"PropertyValueSpecification\",\"valueRequired\":true,\"valueName\":\"search_term_string\"}}],\"inLanguage\":\"fr-FR\"}]}<\/script>\n<!-- \/ Yoast SEO plugin. -->","yoast_head_json":{"title":"Agence \u00e9v\u00e8nementiel Invictus Corporate Events Paris","description":"Notre exp\u00e9rience et notre niveau de qualification apportent \u00e0 nos clients des comp\u00e9tences fiables et reconnues. Nous nous investissons \u00e0 100 % dans le traitement de chaque projets jusqu\u2019\u00e0 la r\u00e9alisation finale. Tous nos chefs de projets sont au moins bilingues pour traiter avec les partenaires internationaux.","robots":{"index":"index","follow":"follow","max-snippet":"max-snippet:-1","max-image-preview":"max-image-preview:large","max-video-preview":"max-video-preview:-1"},"canonical":"https:\/\/www.invictus-event.com\/site\/contact-agence-evenementiel-paris\/","og_locale":"fr_FR","og_type":"article","og_title":"Agence \u00e9v\u00e8nementiel Invictus Corporate Events Paris","og_description":"Notre exp\u00e9rience et notre niveau de qualification apportent \u00e0 nos clients des comp\u00e9tences fiables et reconnues. Nous nous investissons \u00e0 100 % dans le traitement de chaque projets jusqu\u2019\u00e0 la r\u00e9alisation finale. Tous nos chefs de projets sont au moins bilingues pour traiter avec les partenaires internationaux.","og_url":"https:\/\/www.invictus-event.com\/site\/contact-agence-evenementiel-paris\/","og_site_name":"Invictus Corporate Events - Agence \u00e9v\u00e9nementielle \u00e0 Paris","article_modified_time":"2025-09-17T08:26:57+00:00","twitter_card":"summary_large_image","twitter_misc":{"Dur\u00e9e de lecture estim\u00e9e":"3 minutes"},"schema":{"@context":"https:\/\/schema.org","@graph":[{"@type":"WebPage","@id":"https:\/\/www.invictus-event.com\/site\/contact-agence-evenementiel-paris\/","url":"https:\/\/www.invictus-event.com\/site\/contact-agence-evenementiel-paris\/","name":"Agence \u00e9v\u00e8nementiel Invictus Corporate Events Paris","isPartOf":{"@id":"https:\/\/www.invictus-event.com\/site\/#website"},"datePublished":"2018-03-19T12:11:28+00:00","dateModified":"2025-09-17T08:26:57+00:00","description":"Notre exp\u00e9rience et notre niveau de qualification apportent \u00e0 nos clients des comp\u00e9tences fiables et reconnues. Nous nous investissons \u00e0 100 % dans le traitement de chaque projets jusqu\u2019\u00e0 la r\u00e9alisation finale. Tous nos chefs de projets sont au moins bilingues pour traiter avec les partenaires internationaux.","breadcrumb":{"@id":"https:\/\/www.invictus-event.com\/site\/contact-agence-evenementiel-paris\/#breadcrumb"},"inLanguage":"fr-FR","potentialAction":[{"@type":"ReadAction","target":["https:\/\/www.invictus-event.com\/site\/contact-agence-evenementiel-paris\/"]}]},{"@type":"BreadcrumbList","@id":"https:\/\/www.invictus-event.com\/site\/contact-agence-evenementiel-paris\/#breadcrumb","itemListElement":[{"@type":"ListItem","position":1,"name":"Accueil","item":"https:\/\/www.invictus-event.com\/site\/"},{"@type":"ListItem","position":2,"name":"Contact"}]},{"@type":"WebSite","@id":"https:\/\/www.invictus-event.com\/site\/#website","url":"https:\/\/www.invictus-event.com\/site\/","name":"Invictus Corporate Events - Agence \u00e9v\u00e9nementielle \u00e0 Paris","description":"Organisation d&#039;\u00e9v\u00e9nements","potentialAction":[{"@type":"SearchAction","target":{"@type":"EntryPoint","urlTemplate":"https:\/\/www.invictus-event.com\/site\/?s={search_term_string}"},"query-input":{"@type":"PropertyValueSpecification","valueRequired":true,"valueName":"search_term_string"}}],"inLanguage":"fr-FR"}]}},"_links":{"self":[{"href":"https:\/\/www.invictus-event.com\/site\/wp-json\/wp\/v2\/pages\/641","targetHints":{"allow":["GET"]}}],"collection":[{"href":"https:\/\/www.invictus-event.com\/site\/wp-json\/wp\/v2\/pages"}],"about":[{"href":"https:\/\/www.invictus-event.com\/site\/wp-json\/wp\/v2\/types\/page"}],"author":[{"embeddable":true,"href":"https:\/\/www.invictus-event.com\/site\/wp-json\/wp\/v2\/users\/1"}],"replies":[{"embeddable":true,"href":"https:\/\/www.invictus-event.com\/site\/wp-json\/wp\/v2\/comments?post=641"}],"version-history":[{"count":43,"href":"https:\/\/www.invictus-event.com\/site\/wp-json\/wp\/v2\/pages\/641\/revisions"}],"predecessor-version":[{"id":1798,"href":"https:\/\/www.invictus-event.com\/site\/wp-json\/wp\/v2\/pages\/641\/revisions\/1798"}],"wp:attachment":[{"href":"https:\/\/www.invictus-event.com\/site\/wp-json\/wp\/v2\/media?parent=641"}],"curies":[{"name":"wp","href":"https:\/\/api.w.org\/{rel}","templated":true}]}}