{"id":725,"date":"2018-03-20T12:18:59","date_gmt":"2018-03-20T11:18:59","guid":{"rendered":"https:\/\/www.tiveriaparis.com\/site\/?page_id=725"},"modified":"2025-09-17T10:27:44","modified_gmt":"2025-09-17T08:27:44","slug":"contact-event-agency-paris","status":"publish","type":"page","link":"https:\/\/www.invictus-event.com\/site\/en\/contact-event-agency-paris\/","title":{"rendered":"Uk Contact"},"content":{"rendered":"<div class=\"wpb-content-wrapper\"><p>[vc_row full_width=\u00a0\u00bbstretch_row_content_no_spaces\u00a0\u00bb content_placement=\u00a0\u00bbmiddle\u00a0\u00bb css_animation=\u00a0\u00bbfadeIn\u00a0\u00bb css=\u00a0\u00bb.vc_custom_1714566672839{margin-top: 0px !important;margin-bottom: 0px !important;border-top-width: 0px !important;border-bottom-width: 0px !important;padding-top: 0px !important;padding-right: 0px !important;padding-bottom: 0px !important;padding-left: 0px !important;}\u00a0\u00bb][vc_column video_bg=\u00a0\u00bbyes\u00a0\u00bb video_bg_url=\u00a0\u00bbhttps:\/\/www.youtube.com\/watch?v=8Mai5C8QQAU\u00a0\u00bb css=\u00a0\u00bb.vc_custom_1714566646269{margin-top: 0px !important;margin-bottom: 0px !important;border-top-width: 0px !important;border-bottom-width: 0px !important;padding-top: 0px !important;padding-right: 0px !important;padding-bottom: 0px !important;padding-left: 0px !important;}\u00a0\u00bb][vc_empty_space height=\u00a0\u00bb150&Prime;][vc_custom_heading text=\u00a0\u00bbINVICTUS CORPORATE EVENTS\u00a0\u00bb font_container=\u00a0\u00bbtag:h2|font_size:55|text_align:center|color:%23ffffff\u00a0\u00bb google_fonts=\u00a0\u00bbfont_family:Open%20Sans%3A300%2C300italic%2Cregular%2Citalic%2C600%2C600italic%2C700%2C700italic%2C800%2C800italic|font_style:800%20bold%20regular%3A800%3Anormal\u00a0\u00bb css_animation=\u00a0\u00bbnone\u00a0\u00bb css=\u00a0\u00bb.vc_custom_1714566727844{padding-top: 10px !important;padding-bottom: 10px !important;}\u00a0\u00bb][vc_custom_heading text=\u00a0\u00bbThe architect of your events\u00a0\u00bb font_container=\u00a0\u00bbtag:h3|font_size:60|text_align:center|color:%23ffffff|line_height:1&Prime; use_theme_fonts=\u00a0\u00bbyes\u00a0\u00bb css_animation=\u00a0\u00bbnone\u00a0\u00bb css=\u00a0\u00bb\u00a0\u00bb][vc_empty_space height=\u00a0\u00bb150&Prime;][\/vc_column][\/vc_row][vc_row bg_type=\u00a0\u00bbbg_color\u00a0\u00bb bg_override=\u00a0\u00bbfull\u00a0\u00bb css=\u00a0\u00bb.vc_custom_1548868728209{padding-top: 0px !important;padding-right: 0px !important;padding-bottom: 0px !important;padding-left: 0px !important;}\u00a0\u00bb bg_color_value=\u00a0\u00bb#efefef\u00a0\u00bb][vc_column width=\u00a0\u00bb1\/6&Prime; css=\u00a0\u00bb.vc_custom_1548868724210{padding-top: 0px !important;padding-right: 0px !important;padding-bottom: 0px !important;padding-left: 0px !important;}\u00a0\u00bb][\/vc_column][vc_column css_animation=\u00a0\u00bbbottom-to-top\u00a0\u00bb width=\u00a0\u00bb2\/3&Prime;][vc_column_text css=\u00a0\u00bb\u00a0\u00bb]<\/p>\n<p style=\"text-align: justify;\"><strong>Thanks to our skills, we bring a reliable and significant expertise to our clients. We invest 100% in the treatment of each project until final completion. All our project managers are at least bilingual to deal with international partners. Our reactivity is our asset: we can process your demands within 48 hours, with personalized and detailed proposals. We are available 7 days a week.<\/strong><\/p>\n<p>[\/vc_column_text][\/vc_column][vc_column width=\u00a0\u00bb1\/6&Prime;][\/vc_column][\/vc_row][vc_row equal_height=\u00a0\u00bbyes\u00a0\u00bb bg_type=\u00a0\u00bbimage\u00a0\u00bb css=\u00a0\u00bb.vc_custom_1548699415462{margin-top: 0px !important;margin-right: 0px !important;margin-bottom: 0px !important;margin-left: 0px !important;border-top-width: 0px !important;border-right-width: 0px !important;border-bottom-width: 0px !important;border-left-width: 0px !important;padding-top: 0px !important;padding-right: 0px !important;padding-bottom: 0px !important;padding-left: 0px !important;}\u00a0\u00bb][vc_column css=\u00a0\u00bb.vc_custom_1548699256221{padding-top: 0px !important;padding-right: 0px !important;padding-bottom: 0px !important;padding-left: 0px !important;}\u00a0\u00bb][vc_empty_space][\/vc_column][\/vc_row][vc_row css_animation=\u00a0\u00bbfadeIn\u00a0\u00bb][vc_column width=\u00a0\u00bb1\/2&Prime;][vc_single_image image=\u00a0\u00bb3148&Prime; img_size=\u00a0\u00bbfull\u00a0\u00bb css=\u00a0\u00bb\u00a0\u00bb][vc_column_text]<\/p>\n<p style=\"text-align: left;\"><strong>AUDE WAMPFLER<br \/>\nAssistant Director<\/strong><br \/>\nTel. +33 (0)6.37.77.39.60<br \/>\n<a href=\"mailto:awampfler@invictus-corporate.com\" rel=\"noopener\">awampfler@invictus-corporate.com<\/a><\/p>\n<p>[\/vc_column_text][\/vc_column][vc_column css_animation=\u00a0\u00bbnone\u00a0\u00bb width=\u00a0\u00bb1\/2&Prime;][vc_single_image image=\u00a0\u00bb2312&Prime; img_size=\u00a0\u00bbfull\u00a0\u00bb][vc_column_text]<strong>Manon GABARD<\/strong><br \/>\n<strong>Senior Freelance Project Manager<\/strong><br \/>\nTel : + 33 (0)6 74 16 52 73<br \/>\n<a href=\"mailto:gabardmanon@gmail.com\">gabardmanon@gmail.com<\/a>[\/vc_column_text][\/vc_column][\/vc_row][vc_row css_animation=\u00a0\u00bbfadeIn\u00a0\u00bb][vc_column width=\u00a0\u00bb1\/2&Prime;][vc_single_image image=\u00a0\u00bb3149&Prime; img_size=\u00a0\u00bbfull\u00a0\u00bb css=\u00a0\u00bb\u00a0\u00bb][vc_column_text css=\u00a0\u00bb\u00a0\u00bb]<strong>Lola Millet<\/strong><br \/>\n<strong>Assistant project manager<\/strong><br \/>\nTel : +33 (0)6.45.27.64.23<br \/>\n<a href=\"mailto:lmillet@invictus-corporate.com\">lmillet@invictus-corporate.com<\/a>[\/vc_column_text][\/vc_column][vc_column css_animation=\u00a0\u00bbnone\u00a0\u00bb width=\u00a0\u00bb1\/2&Prime;][vc_single_image image=\u00a0\u00bb1034&Prime; img_size=\u00a0\u00bbfull\u00a0\u00bb][vc_column_text]<\/p>\n<p style=\"text-align: left;\"><strong>NOELLE FERRON<\/strong><br \/>\n<strong> Development Manager<\/strong><br \/>\nTel. +33 (0)6.49.12.21.01<br \/>\n<a href=\"mailto:nferron@invictus-corporate.com\" rel=\"noopener\">nferron@invictus-corporate.com<\/a><\/p>\n<p>[\/vc_column_text][\/vc_column][\/vc_row][vc_row css_animation=\u00a0\u00bbfadeIn\u00a0\u00bb][vc_column css_animation=\u00a0\u00bbnone\u00a0\u00bb width=\u00a0\u00bb1\/4&Prime;][\/vc_column][vc_column css_animation=\u00a0\u00bbnone\u00a0\u00bb width=\u00a0\u00bb1\/2&Prime;][vc_single_image image=\u00a0\u00bb3064&Prime; img_size=\u00a0\u00bbfull\u00a0\u00bb css=\u00a0\u00bb\u00a0\u00bb][vc_column_text]<\/p>\n<p style=\"text-align: left;\"><strong>THIERRY HERAUT<\/strong><br \/>\n<strong> General Manager<\/strong><br \/>\nTel : +33 (0)6.03.24.82.10<br \/>\n<a href=\"mailto:theraut@invictus-corporate.com\">theraut@invictus-corporate.com<\/a><\/p>\n<p>[\/vc_column_text][\/vc_column][vc_column width=\u00a0\u00bb1\/4&Prime;][\/vc_column][\/vc_row]<\/p>\n<\/div>","protected":false},"excerpt":{"rendered":"<p>[vc_row full_width=\u00a0\u00bbstretch_row_content_no_spaces\u00a0\u00bb content_placement=\u00a0\u00bbmiddle\u00a0\u00bb css_animation=\u00a0\u00bbfadeIn\u00a0\u00bb css=\u00a0\u00bb.vc_custom_1714566672839{margin-top: 0px !important;margin-bottom: 0px !important;border-top-width: 0px !important;border-bottom-width: 0px !important;padding-top: 0px !important;padding-right: 0px !important;padding-bottom: 0px !important;padding-left: 0px !important;}\u00a0\u00bb][vc_column video_bg=\u00a0\u00bbyes\u00a0\u00bb video_bg_url=\u00a0\u00bbhttps:\/\/www.youtube.com\/watch?v=8Mai5C8QQAU\u00a0\u00bb css=\u00a0\u00bb.vc_custom_1714566646269{margin-top: 0px !important;margin-bottom: 0px !important;border-top-width: 0px !important;border-bottom-width: 0px !important;padding-top: 0px !important;padding-right: 0px !important;padding-bottom: 0px !important;padding-left: 0px !important;}\u00a0\u00bb][vc_empty_space height=\u00a0\u00bb150&Prime;][vc_custom_heading text=\u00a0\u00bbINVICTUS CORPORATE EVENTS\u00a0\u00bb font_container=\u00a0\u00bbtag:h2|font_size:55|text_align:center|color:%23ffffff\u00a0\u00bb google_fonts=\u00a0\u00bbfont_family:Open%20Sans%3A300%2C300italic%2Cregular%2Citalic%2C600%2C600italic%2C700%2C700italic%2C800%2C800italic|font_style:800%20bold%20regular%3A800%3Anormal\u00a0\u00bb css_animation=\u00a0\u00bbnone\u00a0\u00bb css=\u00a0\u00bb.vc_custom_1714566727844{padding-top: 10px !important;padding-bottom: 10px !important;}\u00a0\u00bb][vc_custom_heading text=\u00a0\u00bbThe architect of&hellip;<\/p>\n","protected":false},"author":1,"featured_media":0,"parent":0,"menu_order":0,"comment_status":"closed","ping_status":"closed","template":"","meta":{"footnotes":""},"class_list":["post-725","page","type-page","status-publish","hentry","description-off"],"yoast_head":"<!-- This site is optimized with the Yoast SEO plugin v27.4 - https:\/\/yoast.com\/product\/yoast-seo-wordpress\/ -->\n<title>Event organizer Tiveria Paris - Contact - Events organization<\/title>\n<meta name=\"description\" content=\"Our experience and our level of qualification provide our clients with reliable and recognized skills. We invest 100% in the treatment of each project until final completion. All our project managers are at least bilingual to deal with international partners.\" \/>\n<meta name=\"robots\" content=\"index, follow, max-snippet:-1, max-image-preview:large, max-video-preview:-1\" \/>\n<link rel=\"canonical\" href=\"https:\/\/www.invictus-event.com\/site\/en\/contact-event-agency-paris\/\" \/>\n<meta property=\"og:locale\" content=\"fr_FR\" \/>\n<meta property=\"og:type\" content=\"article\" \/>\n<meta property=\"og:title\" content=\"Event organizer Tiveria Paris - Contact - Events organization\" \/>\n<meta property=\"og:description\" content=\"Our experience and our level of qualification provide our clients with reliable and recognized skills. We invest 100% in the treatment of each project until final completion. All our project managers are at least bilingual to deal with international partners.\" \/>\n<meta property=\"og:url\" content=\"https:\/\/www.invictus-event.com\/site\/en\/contact-event-agency-paris\/\" \/>\n<meta property=\"og:site_name\" content=\"Invictus Corporate Events - Agence \u00e9v\u00e9nementielle \u00e0 Paris\" \/>\n<meta property=\"article:modified_time\" content=\"2025-09-17T08:27:44+00:00\" \/>\n<meta name=\"twitter:card\" content=\"summary_large_image\" \/>\n<meta name=\"twitter:label1\" content=\"Dur\u00e9e de lecture estim\u00e9e\" \/>\n\t<meta name=\"twitter:data1\" content=\"3 minutes\" \/>\n<script type=\"application\/ld+json\" class=\"yoast-schema-graph\">{\"@context\":\"https:\\\/\\\/schema.org\",\"@graph\":[{\"@type\":\"WebPage\",\"@id\":\"https:\\\/\\\/www.invictus-event.com\\\/site\\\/en\\\/contact-event-agency-paris\\\/\",\"url\":\"https:\\\/\\\/www.invictus-event.com\\\/site\\\/en\\\/contact-event-agency-paris\\\/\",\"name\":\"Event organizer Tiveria Paris - Contact - Events organization\",\"isPartOf\":{\"@id\":\"https:\\\/\\\/www.invictus-event.com\\\/site\\\/#website\"},\"datePublished\":\"2018-03-20T11:18:59+00:00\",\"dateModified\":\"2025-09-17T08:27:44+00:00\",\"description\":\"Our experience and our level of qualification provide our clients with reliable and recognized skills. We invest 100% in the treatment of each project until final completion. All our project managers are at least bilingual to deal with international partners.\",\"breadcrumb\":{\"@id\":\"https:\\\/\\\/www.invictus-event.com\\\/site\\\/en\\\/contact-event-agency-paris\\\/#breadcrumb\"},\"inLanguage\":\"fr-FR\",\"potentialAction\":[{\"@type\":\"ReadAction\",\"target\":[\"https:\\\/\\\/www.invictus-event.com\\\/site\\\/en\\\/contact-event-agency-paris\\\/\"]}]},{\"@type\":\"BreadcrumbList\",\"@id\":\"https:\\\/\\\/www.invictus-event.com\\\/site\\\/en\\\/contact-event-agency-paris\\\/#breadcrumb\",\"itemListElement\":[{\"@type\":\"ListItem\",\"position\":1,\"name\":\"Accueil\",\"item\":\"https:\\\/\\\/www.invictus-event.com\\\/site\\\/\"},{\"@type\":\"ListItem\",\"position\":2,\"name\":\"Uk Contact\"}]},{\"@type\":\"WebSite\",\"@id\":\"https:\\\/\\\/www.invictus-event.com\\\/site\\\/#website\",\"url\":\"https:\\\/\\\/www.invictus-event.com\\\/site\\\/\",\"name\":\"Invictus Corporate Events - Agence \u00e9v\u00e9nementielle \u00e0 Paris\",\"description\":\"Organisation d&#039;\u00e9v\u00e9nements\",\"potentialAction\":[{\"@type\":\"SearchAction\",\"target\":{\"@type\":\"EntryPoint\",\"urlTemplate\":\"https:\\\/\\\/www.invictus-event.com\\\/site\\\/?s={search_term_string}\"},\"query-input\":{\"@type\":\"PropertyValueSpecification\",\"valueRequired\":true,\"valueName\":\"search_term_string\"}}],\"inLanguage\":\"fr-FR\"}]}<\/script>\n<!-- \/ Yoast SEO plugin. -->","yoast_head_json":{"title":"Event organizer Tiveria Paris - Contact - Events organization","description":"Our experience and our level of qualification provide our clients with reliable and recognized skills. We invest 100% in the treatment of each project until final completion. All our project managers are at least bilingual to deal with international partners.","robots":{"index":"index","follow":"follow","max-snippet":"max-snippet:-1","max-image-preview":"max-image-preview:large","max-video-preview":"max-video-preview:-1"},"canonical":"https:\/\/www.invictus-event.com\/site\/en\/contact-event-agency-paris\/","og_locale":"fr_FR","og_type":"article","og_title":"Event organizer Tiveria Paris - Contact - Events organization","og_description":"Our experience and our level of qualification provide our clients with reliable and recognized skills. We invest 100% in the treatment of each project until final completion. All our project managers are at least bilingual to deal with international partners.","og_url":"https:\/\/www.invictus-event.com\/site\/en\/contact-event-agency-paris\/","og_site_name":"Invictus Corporate Events - Agence \u00e9v\u00e9nementielle \u00e0 Paris","article_modified_time":"2025-09-17T08:27:44+00:00","twitter_card":"summary_large_image","twitter_misc":{"Dur\u00e9e de lecture estim\u00e9e":"3 minutes"},"schema":{"@context":"https:\/\/schema.org","@graph":[{"@type":"WebPage","@id":"https:\/\/www.invictus-event.com\/site\/en\/contact-event-agency-paris\/","url":"https:\/\/www.invictus-event.com\/site\/en\/contact-event-agency-paris\/","name":"Event organizer Tiveria Paris - Contact - Events organization","isPartOf":{"@id":"https:\/\/www.invictus-event.com\/site\/#website"},"datePublished":"2018-03-20T11:18:59+00:00","dateModified":"2025-09-17T08:27:44+00:00","description":"Our experience and our level of qualification provide our clients with reliable and recognized skills. We invest 100% in the treatment of each project until final completion. All our project managers are at least bilingual to deal with international partners.","breadcrumb":{"@id":"https:\/\/www.invictus-event.com\/site\/en\/contact-event-agency-paris\/#breadcrumb"},"inLanguage":"fr-FR","potentialAction":[{"@type":"ReadAction","target":["https:\/\/www.invictus-event.com\/site\/en\/contact-event-agency-paris\/"]}]},{"@type":"BreadcrumbList","@id":"https:\/\/www.invictus-event.com\/site\/en\/contact-event-agency-paris\/#breadcrumb","itemListElement":[{"@type":"ListItem","position":1,"name":"Accueil","item":"https:\/\/www.invictus-event.com\/site\/"},{"@type":"ListItem","position":2,"name":"Uk Contact"}]},{"@type":"WebSite","@id":"https:\/\/www.invictus-event.com\/site\/#website","url":"https:\/\/www.invictus-event.com\/site\/","name":"Invictus Corporate Events - Agence \u00e9v\u00e9nementielle \u00e0 Paris","description":"Organisation d&#039;\u00e9v\u00e9nements","potentialAction":[{"@type":"SearchAction","target":{"@type":"EntryPoint","urlTemplate":"https:\/\/www.invictus-event.com\/site\/?s={search_term_string}"},"query-input":{"@type":"PropertyValueSpecification","valueRequired":true,"valueName":"search_term_string"}}],"inLanguage":"fr-FR"}]}},"_links":{"self":[{"href":"https:\/\/www.invictus-event.com\/site\/wp-json\/wp\/v2\/pages\/725","targetHints":{"allow":["GET"]}}],"collection":[{"href":"https:\/\/www.invictus-event.com\/site\/wp-json\/wp\/v2\/pages"}],"about":[{"href":"https:\/\/www.invictus-event.com\/site\/wp-json\/wp\/v2\/types\/page"}],"author":[{"embeddable":true,"href":"https:\/\/www.invictus-event.com\/site\/wp-json\/wp\/v2\/users\/1"}],"replies":[{"embeddable":true,"href":"https:\/\/www.invictus-event.com\/site\/wp-json\/wp\/v2\/comments?post=725"}],"version-history":[{"count":30,"href":"https:\/\/www.invictus-event.com\/site\/wp-json\/wp\/v2\/pages\/725\/revisions"}],"predecessor-version":[{"id":3152,"href":"https:\/\/www.invictus-event.com\/site\/wp-json\/wp\/v2\/pages\/725\/revisions\/3152"}],"wp:attachment":[{"href":"https:\/\/www.invictus-event.com\/site\/wp-json\/wp\/v2\/media?parent=725"}],"curies":[{"name":"wp","href":"https:\/\/api.w.org\/{rel}","templated":true}]}}